{"id":741,"date":"2015-12-16T12:59:41","date_gmt":"2015-12-16T11:59:41","guid":{"rendered":"http:\/\/beimschmied.com\/kpwawpinstallation\/en\/?page_id=741"},"modified":"2023-10-18T09:51:11","modified_gmt":"2023-10-18T07:51:11","slug":"home","status":"publish","type":"page","link":"https:\/\/www.beimschmied.com\/en\/","title":{"rendered":"Home"},"content":{"rendered":"\n\t\t\t<!-- START Index EN REVOLUTION SLIDER 6.5.22 --><p class=\"rs-p-wp-fix\"><\/p>\n\t\t\t<rs-module-wrap id=\"rev_slider_3_1_wrapper\" data-source=\"gallery\" style=\"visibility:hidden;background:transparent;padding:0;margin:0px auto;margin-top:0;margin-bottom:0;\">\n\t\t\t\t<rs-module id=\"rev_slider_3_1\" style=\"\" data-version=\"6.5.22\">\n\t\t\t\t\t<rs-slides>\n\t\t\t\t\t\t<rs-slide style=\"position: absolute;\" data-key=\"rs-5\" data-title=\"Slide\" data-thumb=\"\/\/www.beimschmied.com\/wp-content\/uploads\/2016\/02\/beim_schmied_traunreut_hassmoning_apartment_am_backhaeusl_kochen_essen_02-50x100.jpg\" data-in=\"o:0;\" data-out=\"a:false;\">\n\t\t\t\t\t\t\t<img src=\"\/\/www.beimschmied.com\/wp-content\/plugins\/revslider\/public\/assets\/assets\/dummy.png\" alt=\"beim_schmied_traunreut_hassmoning_apartment_am_backhaeusl_kochen_essen_02\" title=\"beim_schmied_traunreut_hassmoning_apartment_am_backhaeusl_kochen_essen_02\" width=\"1440\" height=\"800\" class=\"rev-slidebg tp-rs-img rs-lazyload\" data-lazyload=\"\/\/www.beimschmied.com\/wp-content\/uploads\/2016\/02\/beim_schmied_traunreut_hassmoning_apartment_am_backhaeusl_kochen_essen_02.jpg\" data-panzoom=\"d:10000;ss:100;se:108%;\" data-no-retina>\n<!--\n\t\t\t\t\t\t\t--><rs-layer\n\t\t\t\t\t\t\t\tid=\"slider-3-slide-5-layer-1\" \n\t\t\t\t\t\t\t\tdata-type=\"text\"\n\t\t\t\t\t\t\t\tdata-xy=\"x:c;y:m;\"\n\t\t\t\t\t\t\t\tdata-text=\"w:normal;s:16;l:50;a:center;\"\n\t\t\t\t\t\t\t\tdata-rsp_o=\"off\"\n\t\t\t\t\t\t\t\tdata-rsp_bd=\"off\"\n\t\t\t\t\t\t\t\tdata-frame_999=\"o:0;st:w;\"\n\t\t\t\t\t\t\t\tstyle=\"z-index:5;font-family:'Roboto';\"\n\t\t\t\t\t\t\t><span>Apartment am Backh\u00e4usl<br \/>\nfor two people<\/span><a class=\"qodef-button qodef-layout--filled qodef-html--link\" href=\"https:\/\/www.beimschmied.com\/en\/apartment-am-backhausl\/\">to Apartment am Backh\u00e4usl><\/a> \n\t\t\t\t\t\t\t<\/rs-layer><!--\n-->\t\t\t\t\t\t<\/rs-slide>\n\t\t\t\t\t\t<rs-slide style=\"position: absolute;\" data-key=\"rs-6\" data-title=\"Slide\" data-thumb=\"\/\/www.beimschmied.com\/wp-content\/uploads\/2016\/02\/beim_schmied_traunreut_hassmoning_apartment_am_weiher_wohnen-50x100.jpg\" data-in=\"o:0;\" data-out=\"a:false;\">\n\t\t\t\t\t\t\t<img src=\"\/\/www.beimschmied.com\/wp-content\/plugins\/revslider\/public\/assets\/assets\/dummy.png\" alt=\"beim_schmied_traunreut_hassmoning_apartment_am_weiher_wohnen\" title=\"beim_schmied_traunreut_hassmoning_apartment_am_weiher_wohnen\" width=\"1440\" height=\"800\" class=\"rev-slidebg tp-rs-img rs-lazyload\" data-lazyload=\"\/\/www.beimschmied.com\/wp-content\/uploads\/2016\/02\/beim_schmied_traunreut_hassmoning_apartment_am_weiher_wohnen.jpg\" data-panzoom=\"d:10000;ss:100;se:108%;\" data-no-retina>\n<!--\n\t\t\t\t\t\t\t--><rs-layer\n\t\t\t\t\t\t\t\tid=\"slider-3-slide-6-layer-1\" \n\t\t\t\t\t\t\t\tdata-type=\"text\"\n\t\t\t\t\t\t\t\tdata-xy=\"x:c;xo:1px;y:m;\"\n\t\t\t\t\t\t\t\tdata-text=\"w:normal;s:16;l:50;a:center;\"\n\t\t\t\t\t\t\t\tdata-dim=\"w:auto,auto,auto,80%;\"\n\t\t\t\t\t\t\t\tdata-rsp_o=\"off\"\n\t\t\t\t\t\t\t\tdata-rsp_bd=\"off\"\n\t\t\t\t\t\t\t\tdata-frame_999=\"o:0;st:w;\"\n\t\t\t\t\t\t\t\tstyle=\"z-index:5;font-family:'Roboto';\"\n\t\t\t\t\t\t\t><span>Apartment am Weiher<br \/>\nfor four people<\/span><a class=\"qodef-button qodef-layout--filled qodef-html--link\" href=\"https:\/\/www.beimschmied.com\/en\/apartment-am-weiher\/\">to Apartment am Weiher><\/a> \n\t\t\t\t\t\t\t<\/rs-layer><!--\n-->\t\t\t\t\t\t<\/rs-slide>\n\t\t\t\t\t\t<rs-slide style=\"position: absolute;\" data-key=\"rs-7\" data-title=\"Slide\" data-thumb=\"\/\/www.beimschmied.com\/wp-content\/uploads\/2016\/02\/beim_schmied_traunreut_hassmoning_apartment_am_weiher_deko_close-50x100.jpg\" data-in=\"o:0;\" data-out=\"a:false;\">\n\t\t\t\t\t\t\t<img src=\"\/\/www.beimschmied.com\/wp-content\/plugins\/revslider\/public\/assets\/assets\/dummy.png\" alt=\"beim_schmied_traunreut_hassmoning_apartment_am_weiher_deko_kastanie\" title=\"beim_schmied_traunreut_hassmoning_apartment_am_weiher_deko_close\" width=\"1440\" height=\"800\" class=\"rev-slidebg tp-rs-img rs-lazyload\" data-lazyload=\"\/\/www.beimschmied.com\/wp-content\/uploads\/2016\/02\/beim_schmied_traunreut_hassmoning_apartment_am_weiher_deko_close.jpg\" data-panzoom=\"d:10000;ss:100;se:108%;\" data-no-retina>\n<!--\n\t\t\t\t\t\t\t--><rs-layer\n\t\t\t\t\t\t\t\tid=\"slider-3-slide-7-layer-1\" \n\t\t\t\t\t\t\t\tdata-type=\"text\"\n\t\t\t\t\t\t\t\tdata-xy=\"xo:100px,100px,100px,30px;y:m;\"\n\t\t\t\t\t\t\t\tdata-text=\"w:normal;s:16;l:50;\"\n\t\t\t\t\t\t\t\tdata-rsp_o=\"off\"\n\t\t\t\t\t\t\t\tdata-rsp_bd=\"off\"\n\t\t\t\t\t\t\t\tdata-frame_999=\"o:0;st:w;\"\n\t\t\t\t\t\t\t\tstyle=\"z-index:5;font-family:'Roboto';\"\n\t\t\t\t\t\t\t><h1>Welcome to<br \/>\nBeim Schmied<\/h1> \n\t\t\t\t\t\t\t<\/rs-layer><!--\n-->\t\t\t\t\t\t<\/rs-slide>\n\t\t\t\t\t<\/rs-slides>\n\t\t\t\t<\/rs-module>\n\t\t\t\t<script>\n\t\t\t\t\tsetREVStartSize({c: 'rev_slider_3_1',rl:[1240,1024,778,480],el:[689,689,600,600],gw:[1400,1024,778,480],gh:[689,689,600,600],type:'standard',justify:'',layout:'fullwidth',mh:\"0\"});if (window.RS_MODULES!==undefined && window.RS_MODULES.modules!==undefined && window.RS_MODULES.modules[\"revslider31\"]!==undefined) {window.RS_MODULES.modules[\"revslider31\"].once = false;window.revapi3 = undefined;if (window.RS_MODULES.checkMinimal!==undefined) window.RS_MODULES.checkMinimal()}\n\t\t\t\t<\/script>\n\t\t\t<\/rs-module-wrap>\n\t\t\t<!-- END REVOLUTION SLIDER -->\n\n<h2 >\n\t\t\t\t\tApartment am Backh\u00e4usl\t\t\t<\/h2>\n<p>Slow down and enjoy \u2013 get some peace and quiet in our tastefully furnished <strong>60 m\u00b2<\/strong> apartment for <strong>two people<\/strong>. The large living area with built-in kitchen, bedroom, cozy gallery and covered balcony terrace in the two-story building will help you to relax and unwind \u2026.<\/p>\n<p>\t\t\t<a href=\"https:\/\/www.beimschmied.com\/en\/apartment-am-backhausl\/\" target=\"_self\" rel=\"noopener\"><br \/>\n\t&gt;<br \/>\n<\/a><\/p>\n<h2 >\n\t\t\t\t\tApartment am Weiher\t\t\t<\/h2>\n<p>Take time off and relax \u2013 come and stay in the lavish and lovingly furnished apartment and garden with your family and friends at our farm. The <strong>90 m\u00b2<\/strong> space features a cozy living room, an open kitchen area with a large dining table, a cozy gallery, <strong>two bedrooms<\/strong> and a covered balcony terrace \u2026<\/p>\n<p>\t\t\t<a href=\"https:\/\/www.beimschmied.com\/en\/apartment-am-weiher\/\" target=\"_self\" rel=\"noopener\"><br \/>\n\t&gt;<br \/>\n<\/a><\/p>\n<h2 >\n\t\t\t\t\tOn our farm\t\t\t<\/h2>\n<p>Leave your stresses and worries behind, relax your senses and find happiness in one of the most beautiful regions of Germany: Chiemgau.<\/p>\n<p>Recharge your batteries and enjoy the charm of the countryside.<\/p>\n<p>Come and stay in one of our two exclusive holiday apartments on our sideline organic farm at the tranquil outskirts of the small village of Ha\u00dfmoning \u2026<\/p>\n<p>\t\t\t<a href=\"https:\/\/www.beimschmied.com\/en\/beim-schmied\/our-farm\/\" target=\"_self\" rel=\"noopener\"><br \/>\n\t&gt;<br \/>\n<\/a><br \/>\n\t<img width=\"1440\" height=\"800\" src=\"https:\/\/www.beimschmied.com\/wp-content\/uploads\/2016\/02\/beim_schmied_traunreut_hassmoning_der_hof.jpg\" alt=\"beim_schmied_traunreut_hassmoning_der_hof\" decoding=\"async\" loading=\"lazy\" srcset=\"https:\/\/www.beimschmied.com\/wp-content\/uploads\/2016\/02\/beim_schmied_traunreut_hassmoning_der_hof.jpg 1440w, https:\/\/www.beimschmied.com\/wp-content\/uploads\/2016\/02\/beim_schmied_traunreut_hassmoning_der_hof-300x167.jpg 300w, https:\/\/www.beimschmied.com\/wp-content\/uploads\/2016\/02\/beim_schmied_traunreut_hassmoning_der_hof-768x427.jpg 768w, https:\/\/www.beimschmied.com\/wp-content\/uploads\/2016\/02\/beim_schmied_traunreut_hassmoning_der_hof-1024x569.jpg 1024w\" sizes=\"(max-width: 1440px) 100vw, 1440px\" \/>    <a itemprop=\"url\" href=\"https:\/\/www.beimschmied.com\/en\/contact\/adress-contactform\/\" target=\"_self\" rel=\"noopener\"><\/a><\/p>\n<h3 style=\"color: #FFFFFF\">\n\t\tAdress \/ Contactform\t<\/h3>\n<p>\t<a itemprop=\"url\" href=\"https:\/\/www.beimschmied.com\/en\/contact\/adress-contactform\/\" target=\"_self\" rel=\"noopener\"><\/a><br \/>\n\t<img width=\"1440\" height=\"800\" src=\"https:\/\/www.beimschmied.com\/wp-content\/uploads\/2016\/02\/beim_schmied_traunreut_hassmoning_chieming.jpg\" alt=\"beim_schmied_traunreut_hassmoning_chieming\" decoding=\"async\" loading=\"lazy\" srcset=\"https:\/\/www.beimschmied.com\/wp-content\/uploads\/2016\/02\/beim_schmied_traunreut_hassmoning_chieming.jpg 1440w, https:\/\/www.beimschmied.com\/wp-content\/uploads\/2016\/02\/beim_schmied_traunreut_hassmoning_chieming-300x167.jpg 300w, https:\/\/www.beimschmied.com\/wp-content\/uploads\/2016\/02\/beim_schmied_traunreut_hassmoning_chieming-768x427.jpg 768w, https:\/\/www.beimschmied.com\/wp-content\/uploads\/2016\/02\/beim_schmied_traunreut_hassmoning_chieming-1024x569.jpg 1024w\" sizes=\"(max-width: 1440px) 100vw, 1440px\" \/>    <a itemprop=\"url\" href=\"https:\/\/www.beimschmied.com\/en\/beim-schmied\/impressions\/\" target=\"_self\" rel=\"noopener\"><\/a><\/p>\n<h3 style=\"color: #FFFFFF\">\n\t\tImpressions\t<\/h3>\n<p>\t<a itemprop=\"url\" href=\"https:\/\/www.beimschmied.com\/en\/beim-schmied\/impressions\/\" target=\"_self\" rel=\"noopener\"><\/a><br \/>\n\t<svg xmlns=\"http:\/\/www.w3.org\/2000\/svg\" width=\"198.5\" height=\"174.429\" viewBox=\"0 0 198.5 174.429\"><g transform=\"translate(0.5 0.538)\"><path d=\"M37.093.129A35.444,35.444,0,0,0,11.912,8.985C2.211,17.579-1.241,28.481.391,41.2a37,37,0,0,0,9.776,21.841A47.791,47.791,0,0,0,28.143,74.058a16.606,16.606,0,0,1,9.832,9.72c2.908,6.961,2.233,14.091.657,21.09a105.583,105.583,0,0,1-31.9,55.8,20.04,20.04,0,0,0-4.484,6.248,4.053,4.053,0,0,0,3.19,5.967,13.453,13.453,0,0,0,6.755-.3,82.279,82.279,0,0,0,14.748-6.661,151.366,151.366,0,0,0,46.59-45.37A109.673,109.673,0,0,0,92.539,61.73c-.638-5.441-.957-10.977-2.008-16.343A55.071,55.071,0,0,0,37.093.129Z\" transform=\"translate(-0.003 0.073)\"\/><path d=\"M127.752,12.964C115.18,2.456,100.394-2.4,84.333,1.161,52.116,8.31,50.239,43.886,65.081,61.6c5.141,6.173,12.046,9.795,19.4,12.609a16.418,16.418,0,0,1,9.382,8.913,29.571,29.571,0,0,1,1.557,18.2A104.213,104.213,0,0,1,62.98,160.671a20.641,20.641,0,0,0-4.015,4.916c-2.27,4.015-.281,7.505,4.316,7.749a12.984,12.984,0,0,0,5.329-.619,99,99,0,0,0,15.123-7.036,150.747,150.747,0,0,0,47.678-47.716,106.183,106.183,0,0,0,16.887-56.1C148.317,42.7,142.913,25.667,127.752,12.964Z\" transform=\"translate(49.202 -0.002)\"\/><\/g><\/svg><\/p>\n<h4 itemprop=\"name\" >\n\t\tAbsolute Wohlf\u00fchl-Fewo!!!\t<\/h4>\n<h3 itemprop=\"description\">Wer Ruhe und Erholung sucht, in einer besonderen und sch\u00f6nen Atmosph\u00e4re ist hier genau richtig! Die Fewo (Backh\u00e4usl) ist perfekt und hochwertig ausgestattet, sehr sauber, und es fehlt an nichts. Wir haben jeden Tag ein weiteres Detail in der Wohnung entdeckt, das wirklich gut durchdacht und mit viel Liebe geschaffen wurde &#8230;<\/h3>\n<h6>\n\t\tSandra P. \u2013 20.11.2015<br \/>\n\t<\/h6>\n<h4 itemprop=\"name\" >\n\t\tDurchdachtes, modernes Wohnkonzept &#8211; Traumhaft!!!\t<\/h4>\n<h3 itemprop=\"description\">Die Ferienwohnung ist schon beim Eintritt ein Augenschmaus (Innenarchitektur modern mit Altem genial kombiniert, sauber und gepflegt) . Die Ausstattung hat zu Recht die 5 Sterne vom DTV verdient! Kinder sind hier sehr willkommen (Mobiliar, Malstifte usw.), der Au\u00dfenbereich einladend mit Bauwagen, Spielfl\u00e4che und Grillstelle &#8230;<\/h3>\n<h6>\n\t\tHolger K. \u2013 11.08.2015<br \/>\n\t<\/h6>\n<h4 itemprop=\"name\" >\n\t\tSehr gem\u00fctliche Ferienwohnung &#8211; erholsamer Urlaub\t<\/h4>\n<h3 itemprop=\"description\">\u201eGastfreundschaft besteht aus ein wenig W\u00e4rme, ein wenig Nahrung und gro\u00dfer Ruhe.\u201c (Ralph Waldo Emerson, Philosoph) \u2026in diesem Sinne durften wir hier, im November 2015, vier wundersch\u00f6ne Urlaubstage verbringen. Von der ersten Minute an f\u00fchlten wir uns in der FW \u201eAm Backh\u00e4usl\u201c wie Zuhause &#8230;\u00a0<\/h3>\n<h6>\n\t\tBrigitte K. \u2013 09.11.2015<br \/>\n\t<\/h6>\n<p>\t<svg xmlns=\"http:\/\/www.w3.org\/2000\/svg\" width=\"47.06\" height=\"22.877\" viewBox=\"0 0 47.06 22.877\"><g><path d=\"M47.06 11.456H1.665\"\/><\/g><g><path d=\"M47.06 11.456H1.665\"\/><\/g><g><path d=\"M11.955 22.35 1.06 11.317 11.955.533\"\/><\/g><\/svg><br \/>\n\t<svg xmlns=\"http:\/\/www.w3.org\/2000\/svg\" width=\"47.06\" height=\"22.877\" viewBox=\"0 0 47.06 22.877\"><g><path d=\"M0 11.422h45.395\"\/><\/g><g><path d=\"M0 11.422h45.395\"\/><\/g><g><path d=\"M35.105.527 46 11.56 35.105 22.344\"\/><\/g><\/svg><br \/>\n\t\t\t<a href=\"https:\/\/www.beimschmied.com\/gaestebuch-guestbook\/\" target=\"_self\" rel=\"noopener\"><br \/>\n\t&gt;<br \/>\n<\/a><\/p>\n<p>Es wurden keine Eintr\u00e4ge gefunden.<\/p>\n","protected":false},"excerpt":{"rendered":"<p>Apartment am Backh\u00e4usl Slow down and enjoy \u2013 get some peace and quiet in our tastefully furnished 60 m\u00b2 apartment for two people. The large living area with built-in kitchen, bedroom, cozy gallery and covered balcony terrace in the two-story building will help you to relax and unwind \u2026. &gt; Apartment am Weiher Take time [&hellip;]<\/p>\n","protected":false},"author":1,"featured_media":0,"parent":0,"menu_order":0,"comment_status":"closed","ping_status":"closed","template":"","meta":{"footnotes":""},"_links":{"self":[{"href":"https:\/\/www.beimschmied.com\/en\/wp-json\/wp\/v2\/pages\/741"}],"collection":[{"href":"https:\/\/www.beimschmied.com\/en\/wp-json\/wp\/v2\/pages"}],"about":[{"href":"https:\/\/www.beimschmied.com\/en\/wp-json\/wp\/v2\/types\/page"}],"author":[{"embeddable":true,"href":"https:\/\/www.beimschmied.com\/en\/wp-json\/wp\/v2\/users\/1"}],"replies":[{"embeddable":true,"href":"https:\/\/www.beimschmied.com\/en\/wp-json\/wp\/v2\/comments?post=741"}],"version-history":[{"count":56,"href":"https:\/\/www.beimschmied.com\/en\/wp-json\/wp\/v2\/pages\/741\/revisions"}],"predecessor-version":[{"id":4231,"href":"https:\/\/www.beimschmied.com\/en\/wp-json\/wp\/v2\/pages\/741\/revisions\/4231"}],"wp:attachment":[{"href":"https:\/\/www.beimschmied.com\/en\/wp-json\/wp\/v2\/media?parent=741"}],"curies":[{"name":"wp","href":"https:\/\/api.w.org\/{rel}","templated":true}]}}